{"id":74,"date":"2021-07-06T09:09:57","date_gmt":"2021-07-06T08:09:57","guid":{"rendered":"https:\/\/www.kompenzacni-pomucky-rieger.cz\/?page_id=74"},"modified":"2021-09-09T21:01:47","modified_gmt":"2021-09-09T20:01:47","slug":"odkazy","status":"publish","type":"page","link":"https:\/\/www.kompenzacni-pomucky-rieger.cz\/index.php\/odkazy\/","title":{"rendered":"Odkazy"},"content":{"rendered":"\n<p>Kurzy prvn\u00ed pomoci pro zam\u011bstnance firem a neziskov\u00e9 organizace (v\u010detn\u011b obsluhy AED):<\/p>\n\n\n\n<p><a href=\"http:\/\/www.skoleni-prvni-pomoc.cz\/\">http:\/\/www.skoleni-prvni-pomoc.cz\/<\/a><\/p>\n\n\n\n<p><\/p>\n\n\n\n<p>Hospic sv. Zdislavy, o.p.s. &#8211; dom\u00e1c\u00ed hospic, l\u016f\u017ekov\u00fd hospic, odleh\u010dovac\u00ed slu\u017eba: <\/p>\n\n\n\n<p>https:\/\/www.hospiczdislavy.cz\/<\/p>\n\n\n\n<p><\/p>\n","protected":false},"excerpt":{"rendered":"<p>Kurzy prvn\u00ed pomoci pro zam\u011bstnance firem a neziskov\u00e9 organizace (v\u010detn\u011b obsluhy AED): http:\/\/www.skoleni-prvni-pomoc.cz\/ Hospic sv. Zdislavy, o.p.s. &#8211; dom\u00e1c\u00ed hospic, l\u016f\u017ekov\u00fd hospic, odleh\u010dovac\u00ed slu\u017eba: https:\/\/www.hospiczdislavy.cz\/<\/p>\n","protected":false},"author":1,"featured_media":0,"parent":0,"menu_order":0,"comment_status":"closed","ping_status":"closed","template":"","meta":{"hide_page_title":"","footnotes":""},"class_list":["post-74","page","type-page","status-publish","hentry"],"_links":{"self":[{"href":"https:\/\/www.kompenzacni-pomucky-rieger.cz\/index.php\/wp-json\/wp\/v2\/pages\/74","targetHints":{"allow":["GET"]}}],"collection":[{"href":"https:\/\/www.kompenzacni-pomucky-rieger.cz\/index.php\/wp-json\/wp\/v2\/pages"}],"about":[{"href":"https:\/\/www.kompenzacni-pomucky-rieger.cz\/index.php\/wp-json\/wp\/v2\/types\/page"}],"author":[{"embeddable":true,"href":"https:\/\/www.kompenzacni-pomucky-rieger.cz\/index.php\/wp-json\/wp\/v2\/users\/1"}],"replies":[{"embeddable":true,"href":"https:\/\/www.kompenzacni-pomucky-rieger.cz\/index.php\/wp-json\/wp\/v2\/comments?post=74"}],"version-history":[{"count":4,"href":"https:\/\/www.kompenzacni-pomucky-rieger.cz\/index.php\/wp-json\/wp\/v2\/pages\/74\/revisions"}],"predecessor-version":[{"id":105,"href":"https:\/\/www.kompenzacni-pomucky-rieger.cz\/index.php\/wp-json\/wp\/v2\/pages\/74\/revisions\/105"}],"wp:attachment":[{"href":"https:\/\/www.kompenzacni-pomucky-rieger.cz\/index.php\/wp-json\/wp\/v2\/media?parent=74"}],"curies":[{"name":"wp","href":"https:\/\/api.w.org\/{rel}","templated":true}]}}